{"id":294,"date":"2019-03-24T12:32:37","date_gmt":"2019-03-24T12:32:37","guid":{"rendered":"http:\/\/hirschacker.de\/?page_id=294"},"modified":"2019-03-24T12:32:48","modified_gmt":"2019-03-24T12:32:48","slug":"datenschutz","status":"publish","type":"page","link":"https:\/\/hirschacker.de\/?page_id=294","title":{"rendered":"Datenschutz"},"content":{"rendered":"<div id=\"pl-294\"  class=\"panel-layout\" ><div id=\"pg-294-0\"  class=\"panel-grid panel-no-style\" ><div id=\"pgc-294-0-0\"  class=\"panel-grid-cell\" ><div id=\"panel-294-0-0-0\" class=\"so-panel widget widget_sow-editor panel-first-child panel-last-child\" data-index=\"0\" ><div\n\t\t\t\n\t\t\tclass=\"so-widget-sow-editor so-widget-sow-editor-base\"\n\t\t\t\n\t\t>\n<div class=\"siteorigin-widget-tinymce textwidget\">\n\t<h2>Datenschutz<\/h2>\n<p><strong>Datenschutzerkl\u00e4rung<\/strong><br \/>\nDie Betreiber dieser Seiten nehmenden Schutz Ihrer pers\u00f6nlichen Daten sehr ernst. Wir behandeln Ihre<br \/>\npersonenbezogenen Daten vertraulich und entsprechend der gesetzlichen Datenschutzvorschriften sowie dieser<br \/>\nDatenschutzerkl\u00e4rung.<\/p>\n<p>Die Nutzung unserer Website ist in der Regel ohne Angabe personenbezogener Daten m\u00f6glich.<br \/>\nSoweit auf unseren Seiten personenbezogene Daten (beispielsweise Name, Anschrift oder E-Mail-Adressen) erhoben<br \/>\nwerden, erfolgt dies, soweit m\u00f6glich, stets auf freiwilliger Basis. Diese Daten werden ohne Ihre ausdr\u00fcckliche Zustimmung<br \/>\nnicht an Dritte weitergegeben.<\/p>\n<p>Wir weisen darauf hin, dass die Daten\u00fcbertragung im Internet<br \/>\n(z.B. bei der Kommunikation per E-Mail) Sicherheitsl\u00fccken aufweisen kann. Ein l\u00fcckenloser<br \/>\nSchutz der Daten vor dem Zugriff durch Dritte ist nicht m\u00f6glich.<\/p>\n<p>&nbsp;<\/p>\n<p><strong>Cookies<\/strong><br \/>\nDie Internetseiten verwenden teilweise so genannte Cookies. Cookies richten auf<br \/>\nIhrem Rechner keinen Schaden an und enthalten keine Viren. Cookies dienen dazu, unser Angebot<br \/>\nnutzerfreundlicher, effektiver und sicherer zu machen. Cookies sind kleine Textdateien, die auf Ihrem<br \/>\nRechner abgelegt werden und die Ihr Browser speichert.<\/p>\n<p>Die meisten der von uns verwendeten Cookies sind so genannte \u201eSession-Cookies\u201c. Sie werden nach Ende Ihres<br \/>\nBesuchs automatisch gel\u00f6scht. Andere Cookies bleiben auf Ihrem Endger\u00e4t gespeichert, bis Sie diese l\u00f6schen.<br \/>\nDiese Cookies erm\u00f6glichen es uns, Ihren Browser beim n\u00e4chsten Besuch<br \/>\nwiederzuerkennen.<\/p>\n<p>Sie k\u00f6nnen Ihren Browser so einstellen, dass Sie \u00fcber das Setzen<br \/>\nvon Cookies informiert werden und Cookies nur im Einzelfall erlauben, die Annahme von Cookies f\u00fcr<br \/>\nbestimmte F\u00e4lle oder generell ausschlie\u00dfen sowie das automatische L\u00f6schen der<br \/>\nCookies beim Schlie\u00dfen des Browser aktivieren. Bei der Deaktivierung von Cookies kann die<br \/>\nFunktionalit\u00e4t dieser Website eingeschr\u00e4nkt sein.<\/p>\n<p><strong>Server-Log-Files<\/strong><br \/>\nDer Provider der Seiten erhebt und speichert automatisch Informationen in so genannten<br \/>\nServer-Log Files, die Ihr Browser automatisch an uns \u00fcbermittelt. Dies sind:<\/p>\n<p>-Browsertyp und Browserversion<br \/>\n-verwendetes Betriebssystem<br \/>\n-Referrer URL<br \/>\n-Hostname des zugreifenden Rechners<br \/>\n-Uhrzeit der Serveranfrage<br \/>\nDiese Daten sind <strong>nicht<\/strong> bestimmten Personen zuordenbar. Eine Zusammenf\u00fchrung dieser Daten mit anderen<br \/>\nDatenquellen wird <em>nicht<\/em> vorgenommen. Wir behalten uns vor, diese Daten nachtr\u00e4glich zu<br \/>\npr\u00fcfen, wenn uns konkrete Anhaltspunkte f\u00fcr eine rechtswidrige Nutzung bekannt<br \/>\nwerden.<\/p>\n<p><strong>Kontaktformular<\/strong><br \/>\nWenn Sie uns per Kontaktformular Anfragen<br \/>\nzukommen lassen, werden Ihre Angaben aus dem Anfrageformular inklusive der von Ihnen dort<br \/>\nangegebenen Kontaktdaten zwecks Bearbeitung der Anfrage und f\u00fcr den Fall von Anschlussfragen<br \/>\nbei uns gespeichert. Diese Daten geben wir nicht ohne Ihre Einwilligung weiter.<\/p>\n<p>&nbsp;<\/p>\n<p>Quelle: e-recht24.de<\/p>\n<\/div>\n<\/div><\/div><\/div><\/div><\/div>","protected":false},"excerpt":{"rendered":"<p>Datenschutz Datenschutzerkl\u00e4rung Die Betreiber dieser Seiten nehmenden Schutz Ihrer pers\u00f6nlichen Daten sehr ernst. Wir behandeln Ihre personenbezogenen Daten vertraulich und entsprechend der gesetzlichen Datenschutzvorschriften sowie dieser Datenschutzerkl\u00e4rung. Die Nutzung unserer Website ist in der Regel ohne Angabe personenbezogener Daten m\u00f6glich. Soweit auf unseren Seiten personenbezogene Daten (beispielsweise Name, Anschrift oder E-Mail-Adressen) erhoben werden, erfolgt dies, [&hellip;]<\/p>\n","protected":false},"author":1,"featured_media":0,"parent":0,"menu_order":0,"comment_status":"closed","ping_status":"closed","template":"","meta":{"ngg_post_thumbnail":0,"footnotes":""},"class_list":["post-294","page","type-page","status-publish","hentry","post"],"_links":{"self":[{"href":"https:\/\/hirschacker.de\/index.php?rest_route=\/wp\/v2\/pages\/294","targetHints":{"allow":["GET"]}}],"collection":[{"href":"https:\/\/hirschacker.de\/index.php?rest_route=\/wp\/v2\/pages"}],"about":[{"href":"https:\/\/hirschacker.de\/index.php?rest_route=\/wp\/v2\/types\/page"}],"author":[{"embeddable":true,"href":"https:\/\/hirschacker.de\/index.php?rest_route=\/wp\/v2\/users\/1"}],"replies":[{"embeddable":true,"href":"https:\/\/hirschacker.de\/index.php?rest_route=%2Fwp%2Fv2%2Fcomments&post=294"}],"version-history":[{"count":3,"href":"https:\/\/hirschacker.de\/index.php?rest_route=\/wp\/v2\/pages\/294\/revisions"}],"predecessor-version":[{"id":314,"href":"https:\/\/hirschacker.de\/index.php?rest_route=\/wp\/v2\/pages\/294\/revisions\/314"}],"wp:attachment":[{"href":"https:\/\/hirschacker.de\/index.php?rest_route=%2Fwp%2Fv2%2Fmedia&parent=294"}],"curies":[{"name":"wp","href":"https:\/\/api.w.org\/{rel}","templated":true}]}}