{"id":419,"date":"2019-03-28T12:49:54","date_gmt":"2019-03-28T12:49:54","guid":{"rendered":"https:\/\/hirschacker.de\/?page_id=419"},"modified":"2019-03-29T10:20:27","modified_gmt":"2019-03-29T10:20:27","slug":"verarbeitung","status":"publish","type":"page","link":"https:\/\/hirschacker.de\/?page_id=419","title":{"rendered":"Verarbeitung"},"content":{"rendered":"<div id=\"pl-419\"  class=\"panel-layout\" ><div id=\"pg-419-0\"  class=\"panel-grid panel-no-style\" ><div id=\"pgc-419-0-0\"  class=\"panel-grid-cell\" ><div id=\"panel-419-0-0-0\" class=\"so-panel widget widget_sow-editor panel-first-child panel-last-child\" data-index=\"0\" ><div\n\t\t\t\n\t\t\tclass=\"so-widget-sow-editor so-widget-sow-editor-base\"\n\t\t\t\n\t\t>\n<div class=\"siteorigin-widget-tinymce textwidget\">\n\t<h1>Verarbeitung von Fleisch<\/h1>\n<\/div>\n<\/div><\/div><\/div><\/div><div id=\"pg-419-1\"  class=\"panel-grid panel-no-style\" ><div id=\"pgc-419-1-0\"  class=\"panel-grid-cell\" ><div id=\"panel-419-1-0-0\" class=\"so-panel widget widget_sow-editor panel-first-child panel-last-child\" data-index=\"1\" ><div\n\t\t\t\n\t\t\tclass=\"so-widget-sow-editor so-widget-sow-editor-base\"\n\t\t\t\n\t\t>\n<div class=\"siteorigin-widget-tinymce textwidget\">\n\t<p>Als Beispiel, ein Schwein grob in die Einzelteile zerlegt:<\/p>\n<p><img loading=\"lazy\" decoding=\"async\" class=\"size-medium wp-image-184 alignright\" src=\"https:\/\/hirschacker.de\/wp-content\/uploads\/2019\/03\/20170128_104034-1-300x169.jpg\" alt=\"\" width=\"300\" height=\"169\" srcset=\"https:\/\/hirschacker.de\/wp-content\/uploads\/2019\/03\/20170128_104034-1-300x169.jpg 300w, https:\/\/hirschacker.de\/wp-content\/uploads\/2019\/03\/20170128_104034-1-768x432.jpg 768w, https:\/\/hirschacker.de\/wp-content\/uploads\/2019\/03\/20170128_104034-1-1024x576.jpg 1024w\" sizes=\"auto, (max-width: 300px) 100vw, 300px\" \/><\/p>\n<ul>\n<li>Die Bindegewebereiche Fleischst\u00fccke werden meist geschmort (Rind\u2010\/Kalb\u2010\/Schweineb\u00e4ckchen,<br \/>\nRagout, Kalbsbrust, Gulasch).<\/li>\n<li>Kleinteilige Fleischst\u00fccke werden sautiert \u00bb Das Fleisch kurz anbraten bei hoher Temparatur (d\u00fcnn<br \/>\noder klein geschnittenes Gargut wie Geschnetzeltes, aber auch Fisch und Gem\u00fcse).<\/li>\n<li>Feinere Fleischst\u00fccke werden poeliert \u00bb fein hellbraun d\u00fcnsten. Das Gargut hellbraun in der Pfanne<br \/>\nanbraten und dann im Ofen weiter garen. (Kalbsfilet, Schweinscarre, Rehr\u00fccken, Perlhuhnbrust)<\/li>\n<\/ul>\n<\/div>\n<\/div><\/div><\/div><\/div><div id=\"pg-419-2\"  class=\"panel-grid panel-no-style\" ><div id=\"pgc-419-2-0\"  class=\"panel-grid-cell\" ><div id=\"panel-419-2-0-0\" class=\"so-panel widget widget_sow-editor panel-first-child panel-last-child\" data-index=\"2\" ><div\n\t\t\t\n\t\t\tclass=\"so-widget-sow-editor so-widget-sow-editor-base\"\n\t\t\t\n\t\t>\n<div class=\"siteorigin-widget-tinymce textwidget\">\n\t<hr \/>\n<h1>Vorteile<\/h1>\n<\/div>\n<\/div><\/div><\/div><\/div><div id=\"pg-419-3\"  class=\"panel-grid panel-no-style\" ><div id=\"pgc-419-3-0\"  class=\"panel-grid-cell\" ><div id=\"panel-419-3-0-0\" class=\"so-panel widget widget_sow-editor panel-first-child panel-last-child\" data-index=\"3\" ><div\n\t\t\t\n\t\t\tclass=\"so-widget-sow-editor so-widget-sow-editor-base\"\n\t\t\t\n\t\t>\n<div class=\"siteorigin-widget-tinymce textwidget\">\n\t<p>Bei der Eigenen Herstellung wei\u00df man was man hat. So ist es m\u00f6glich die Gew\u00fcrze, die<br \/>\nFleischqualit\u00e4t und die Menge ganz den Bedu\u0308rfnissen anzupassen.<\/p>\n<\/div>\n<\/div><\/div><\/div><\/div><div id=\"pg-419-4\"  class=\"panel-grid panel-no-style\" ><div id=\"pgc-419-4-0\"  class=\"panel-grid-cell\" ><div id=\"panel-419-4-0-0\" class=\"so-panel widget widget_sow-image panel-first-child panel-last-child\" data-index=\"4\" ><div\n\t\t\t\n\t\t\tclass=\"so-widget-sow-image so-widget-sow-image-default-8b5b6f678277-419\"\n\t\t\t\n\t\t>\n<div class=\"sow-image-container\">\n\t\t<img \n\tsrc=\"https:\/\/hirschacker.de\/wp-content\/uploads\/2019\/03\/20190126_124907.jpg\" width=\"4032\" height=\"3024\" srcset=\"https:\/\/hirschacker.de\/wp-content\/uploads\/2019\/03\/20190126_124907.jpg 4032w, https:\/\/hirschacker.de\/wp-content\/uploads\/2019\/03\/20190126_124907-300x225.jpg 300w, https:\/\/hirschacker.de\/wp-content\/uploads\/2019\/03\/20190126_124907-768x576.jpg 768w, https:\/\/hirschacker.de\/wp-content\/uploads\/2019\/03\/20190126_124907-1024x768.jpg 1024w\" sizes=\"(max-width: 4032px) 100vw, 4032px\" alt=\"\" \t\tclass=\"so-widget-image\"\/>\n\t<\/div>\n\n<\/div><\/div><\/div><div id=\"pgc-419-4-1\"  class=\"panel-grid-cell\" ><div id=\"panel-419-4-1-0\" class=\"so-panel widget widget_sow-image panel-first-child panel-last-child\" data-index=\"5\" ><div\n\t\t\t\n\t\t\tclass=\"so-widget-sow-image so-widget-sow-image-default-8b5b6f678277-419\"\n\t\t\t\n\t\t>\n<div class=\"sow-image-container\">\n\t\t<img \n\tsrc=\"https:\/\/hirschacker.de\/wp-content\/uploads\/2019\/03\/IMG-20190112-WA0010-1.jpg\" width=\"2562\" height=\"1441\" srcset=\"https:\/\/hirschacker.de\/wp-content\/uploads\/2019\/03\/IMG-20190112-WA0010-1.jpg 2562w, https:\/\/hirschacker.de\/wp-content\/uploads\/2019\/03\/IMG-20190112-WA0010-1-300x169.jpg 300w, https:\/\/hirschacker.de\/wp-content\/uploads\/2019\/03\/IMG-20190112-WA0010-1-768x432.jpg 768w, https:\/\/hirschacker.de\/wp-content\/uploads\/2019\/03\/IMG-20190112-WA0010-1-1024x576.jpg 1024w\" sizes=\"(max-width: 2562px) 100vw, 2562px\" title=\"IMG-20190112-WA0010\" alt=\"\" \t\tclass=\"so-widget-image\"\/>\n\t<\/div>\n\n<\/div><\/div><\/div><div id=\"pgc-419-4-2\"  class=\"panel-grid-cell\" ><div id=\"panel-419-4-2-0\" class=\"so-panel widget widget_sow-image panel-first-child panel-last-child\" data-index=\"6\" ><div\n\t\t\t\n\t\t\tclass=\"so-widget-sow-image so-widget-sow-image-default-8b5b6f678277-419\"\n\t\t\t\n\t\t>\n<div class=\"sow-image-container\">\n\t\t<img \n\tsrc=\"https:\/\/hirschacker.de\/wp-content\/uploads\/2019\/03\/20190112_175158.jpg\" width=\"3022\" height=\"2266\" srcset=\"https:\/\/hirschacker.de\/wp-content\/uploads\/2019\/03\/20190112_175158.jpg 3022w, https:\/\/hirschacker.de\/wp-content\/uploads\/2019\/03\/20190112_175158-300x225.jpg 300w, https:\/\/hirschacker.de\/wp-content\/uploads\/2019\/03\/20190112_175158-768x576.jpg 768w, https:\/\/hirschacker.de\/wp-content\/uploads\/2019\/03\/20190112_175158-1024x768.jpg 1024w\" sizes=\"(max-width: 3022px) 100vw, 3022px\" alt=\"\" \t\tclass=\"so-widget-image\"\/>\n\t<\/div>\n\n<\/div><\/div><\/div><\/div><div id=\"pg-419-5\"  class=\"panel-grid panel-no-style\" ><div id=\"pgc-419-5-0\"  class=\"panel-grid-cell\" ><div id=\"panel-419-5-0-0\" class=\"so-panel widget widget_sow-editor panel-first-child panel-last-child\" data-index=\"7\" ><div\n\t\t\t\n\t\t\tclass=\"so-widget-sow-editor so-widget-sow-editor-base\"\n\t\t\t\n\t\t>\n<div class=\"siteorigin-widget-tinymce textwidget\">\n\t<hr \/>\n<h1>Zwiebelrolle<\/h1>\n<p>Hier entsteht eine Zwiebelrolle. Den Schweinenacken zweimal einschneiden, sodass man ihn flach vor sich<br \/>\nliegen hat. Nach dem Belegen\/Fu\u0308llen rollt man den Braten wieder ein und bindet ihn zu oder steckt ihn in ein<br \/>\nNetz.<\/p>\n<\/div>\n<\/div><\/div><\/div><\/div><div id=\"pg-419-6\"  class=\"panel-grid panel-no-style\" ><div id=\"pgc-419-6-0\"  class=\"panel-grid-cell\" ><div id=\"panel-419-6-0-0\" class=\"so-panel widget widget_sow-image panel-first-child panel-last-child\" data-index=\"8\" ><div\n\t\t\t\n\t\t\tclass=\"so-widget-sow-image so-widget-sow-image-default-8b5b6f678277-419\"\n\t\t\t\n\t\t>\n<div class=\"sow-image-container\">\n\t\t<img \n\tsrc=\"https:\/\/hirschacker.de\/wp-content\/uploads\/2019\/03\/20180720_114935-1.jpg\" width=\"4032\" height=\"3024\" srcset=\"https:\/\/hirschacker.de\/wp-content\/uploads\/2019\/03\/20180720_114935-1.jpg 4032w, https:\/\/hirschacker.de\/wp-content\/uploads\/2019\/03\/20180720_114935-1-300x225.jpg 300w, https:\/\/hirschacker.de\/wp-content\/uploads\/2019\/03\/20180720_114935-1-768x576.jpg 768w, https:\/\/hirschacker.de\/wp-content\/uploads\/2019\/03\/20180720_114935-1-1024x768.jpg 1024w\" sizes=\"(max-width: 4032px) 100vw, 4032px\" title=\"20180720_114935\" alt=\"\" \t\tclass=\"so-widget-image\"\/>\n\t<\/div>\n\n<\/div><\/div><\/div><div id=\"pgc-419-6-1\"  class=\"panel-grid-cell\" ><div id=\"panel-419-6-1-0\" class=\"so-panel widget widget_sow-image panel-first-child panel-last-child\" data-index=\"9\" ><div\n\t\t\t\n\t\t\tclass=\"so-widget-sow-image so-widget-sow-image-default-8b5b6f678277-419\"\n\t\t\t\n\t\t>\n<div class=\"sow-image-container\">\n\t\t<img \n\tsrc=\"https:\/\/hirschacker.de\/wp-content\/uploads\/2019\/03\/20180720_115404.jpg\" width=\"3180\" height=\"2385\" srcset=\"https:\/\/hirschacker.de\/wp-content\/uploads\/2019\/03\/20180720_115404.jpg 3180w, https:\/\/hirschacker.de\/wp-content\/uploads\/2019\/03\/20180720_115404-300x225.jpg 300w, https:\/\/hirschacker.de\/wp-content\/uploads\/2019\/03\/20180720_115404-768x576.jpg 768w, https:\/\/hirschacker.de\/wp-content\/uploads\/2019\/03\/20180720_115404-1024x768.jpg 1024w\" sizes=\"(max-width: 3180px) 100vw, 3180px\" alt=\"\" \t\tclass=\"so-widget-image\"\/>\n\t<\/div>\n\n<\/div><\/div><\/div><div id=\"pgc-419-6-2\"  class=\"panel-grid-cell\" ><div id=\"panel-419-6-2-0\" class=\"so-panel widget widget_sow-image panel-first-child panel-last-child\" data-index=\"10\" ><div\n\t\t\t\n\t\t\tclass=\"so-widget-sow-image so-widget-sow-image-default-8b5b6f678277-419\"\n\t\t\t\n\t\t>\n<div class=\"sow-image-container\">\n\t\t<img \n\tsrc=\"https:\/\/hirschacker.de\/wp-content\/uploads\/2019\/03\/IMG-20180616-WA0006-1.jpg\" width=\"898\" height=\"505\" srcset=\"https:\/\/hirschacker.de\/wp-content\/uploads\/2019\/03\/IMG-20180616-WA0006-1.jpg 898w, https:\/\/hirschacker.de\/wp-content\/uploads\/2019\/03\/IMG-20180616-WA0006-1-300x169.jpg 300w, https:\/\/hirschacker.de\/wp-content\/uploads\/2019\/03\/IMG-20180616-WA0006-1-768x432.jpg 768w\" sizes=\"(max-width: 898px) 100vw, 898px\" title=\"IMG-20180616-WA0006\" alt=\"\" \t\tclass=\"so-widget-image\"\/>\n\t<\/div>\n\n<\/div><\/div><\/div><\/div><div id=\"pg-419-7\"  class=\"panel-grid panel-no-style\" ><div id=\"pgc-419-7-0\"  class=\"panel-grid-cell\" ><div id=\"panel-419-7-0-0\" class=\"so-panel widget widget_sow-editor panel-first-child panel-last-child\" data-index=\"11\" ><div\n\t\t\t\n\t\t\tclass=\"so-widget-sow-editor so-widget-sow-editor-base\"\n\t\t\t\n\t\t>\n<div class=\"siteorigin-widget-tinymce textwidget\">\n\t<hr \/>\n<h1>Schweinelachse<\/h1>\n<h5>Die Schweinelachse hat eine Silberhaut, die entfernt werden muss. Danach kann man prima leckere Schnitzel raus schneiden.<\/h5>\n<p>&nbsp;<\/p>\n<h5><div id=\"metaslider-id-425\" style=\"max-width: 600px; margin: 0 auto;\" class=\"ml-slider-3-108-0 metaslider metaslider-flex metaslider-425 ml-slider ms-theme-jenga nav-hidden\" role=\"region\" aria-label=\"Verabeitung\" data-height=\"400\" data-width=\"600\">\n    <div id=\"metaslider_container_425\">\n        <div id=\"metaslider_425\">\n            <ul class='slides'>\n                <li style=\"display: block; width: 100%;\" class=\"slide-426 ms-image \" aria-roledescription=\"slide\" data-date=\"2019-03-28 12:53:21\" data-filename=\"IMG-20170803-WA0016-600x400.jpg\" data-slide-type=\"image\"><img loading=\"lazy\" decoding=\"async\" src=\"https:\/\/hirschacker.de\/wp-content\/uploads\/2019\/03\/IMG-20170803-WA0016-600x400.jpg\" height=\"400\" width=\"600\" alt=\"\" class=\"slider-425 slide-426 msDefaultImage\" title=\"IMG-20170803-WA0016\" \/><\/li>\n                <li style=\"display: none; width: 100%;\" class=\"slide-427 ms-image \" aria-roledescription=\"slide\" data-date=\"2019-03-28 12:53:32\" data-filename=\"IMG-20170803-WA0018-600x400.jpg\" data-slide-type=\"image\"><img loading=\"lazy\" decoding=\"async\" src=\"https:\/\/hirschacker.de\/wp-content\/uploads\/2019\/03\/IMG-20170803-WA0018-600x400.jpg\" height=\"400\" width=\"600\" alt=\"\" class=\"slider-425 slide-427 msDefaultImage\" title=\"IMG-20170803-WA0018\" \/><\/li>\n            <\/ul>\n        <\/div>\n        \n    <\/div>\n<\/div><\/h5>\n<p>&nbsp;<\/p>\n<hr \/>\n<h1 style=\"text-align: center;\">Nur frische Zutaten ergeben ein leckeres Essen<\/h1>\n<p>&nbsp;<\/p>\nngg_shortcode_0_placeholder\n<\/div>\n<\/div><\/div><\/div><\/div><div id=\"pg-419-8\"  class=\"panel-grid panel-no-style\" ><div id=\"pgc-419-8-0\"  class=\"panel-grid-cell\" ><div id=\"panel-419-8-0-0\" class=\"so-panel widget widget_sow-editor panel-first-child panel-last-child\" data-index=\"12\" ><div\n\t\t\t\n\t\t\tclass=\"so-widget-sow-editor so-widget-sow-editor-base\"\n\t\t\t\n\t\t>\n<div class=\"siteorigin-widget-tinymce textwidget\">\n\t<h5 style=\"text-align: center;\">&nbsp;<\/h5>\n<p>&nbsp;<\/p>\n<p>&nbsp;<\/p>\n<\/div>\n<\/div><\/div><\/div><\/div><\/div>","protected":false},"excerpt":{"rendered":"<p>Verarbeitung von Fleisch Als Beispiel, ein Schwein grob in die Einzelteile zerlegt: Die Bindegewebereiche Fleischst\u00fccke werden meist geschmort (Rind\u2010\/Kalb\u2010\/Schweineb\u00e4ckchen, Ragout, Kalbsbrust, Gulasch). Kleinteilige Fleischst\u00fccke werden sautiert \u00bb Das Fleisch kurz anbraten bei hoher Temparatur (d\u00fcnn oder klein geschnittenes Gargut wie Geschnetzeltes, aber auch Fisch und Gem\u00fcse). Feinere Fleischst\u00fccke werden poeliert \u00bb fein hellbraun d\u00fcnsten. Das [&hellip;]<\/p>\n","protected":false},"author":1,"featured_media":0,"parent":0,"menu_order":0,"comment_status":"closed","ping_status":"closed","template":"","meta":{"ngg_post_thumbnail":0,"footnotes":""},"class_list":["post-419","page","type-page","status-publish","hentry","post"],"_links":{"self":[{"href":"https:\/\/hirschacker.de\/index.php?rest_route=\/wp\/v2\/pages\/419","targetHints":{"allow":["GET"]}}],"collection":[{"href":"https:\/\/hirschacker.de\/index.php?rest_route=\/wp\/v2\/pages"}],"about":[{"href":"https:\/\/hirschacker.de\/index.php?rest_route=\/wp\/v2\/types\/page"}],"author":[{"embeddable":true,"href":"https:\/\/hirschacker.de\/index.php?rest_route=\/wp\/v2\/users\/1"}],"replies":[{"embeddable":true,"href":"https:\/\/hirschacker.de\/index.php?rest_route=%2Fwp%2Fv2%2Fcomments&post=419"}],"version-history":[{"count":18,"href":"https:\/\/hirschacker.de\/index.php?rest_route=\/wp\/v2\/pages\/419\/revisions"}],"predecessor-version":[{"id":463,"href":"https:\/\/hirschacker.de\/index.php?rest_route=\/wp\/v2\/pages\/419\/revisions\/463"}],"wp:attachment":[{"href":"https:\/\/hirschacker.de\/index.php?rest_route=%2Fwp%2Fv2%2Fmedia&parent=419"}],"curies":[{"name":"wp","href":"https:\/\/api.w.org\/{rel}","templated":true}]}}