{"id":539,"date":"2025-07-23T13:12:33","date_gmt":"2025-07-23T13:12:33","guid":{"rendered":"https:\/\/hirschacker.de\/?page_id=539"},"modified":"2025-07-23T13:12:33","modified_gmt":"2025-07-23T13:12:33","slug":"erklaerung-zur-barrierefreiheit","status":"publish","type":"page","link":"https:\/\/hirschacker.de\/?page_id=539","title":{"rendered":"Erkl\u00e4rung zur Barrierefreiheit"},"content":{"rendered":"<div id=\"pl-539\"  class=\"panel-layout\" ><div id=\"pg-539-0\"  class=\"panel-grid panel-no-style\" ><div id=\"pgc-539-0-0\"  class=\"panel-grid-cell\" ><div id=\"panel-539-0-0-0\" class=\"so-panel widget widget_sow-editor panel-first-child panel-last-child\" data-index=\"0\" ><div\n\t\t\t\n\t\t\tclass=\"so-widget-sow-editor so-widget-sow-editor-base\"\n\t\t\t\n\t\t>\n<div class=\"siteorigin-widget-tinymce textwidget\">\n\t<h3>Zug\u00e4nglichkeitserkl\u00e4rung f\u00fcr https:\/\/hirschacker.de<br \/>\n&nbsp;<\/h3>\n<p>Hirschacker.de verpflichtet sich, die digitale Zug\u00e4nglichkeit f\u00fcr Menschen mit Behinderungen zu gew\u00e4hrleisten. Wir arbeiten kontinuierlich an der Verbesserung der Benutzerfreundlichkeit f\u00fcr alle und an der Anwendung der relevanten Standards f\u00fcr Barrierefreiheit.<\/p>\n<h5>\nKonformit\u00e4tsstatus<\/h5>\n<p>Die Web Content Accessibility Guidelines (WCAG) definieren Anforderungen f\u00fcr Designer und Entwickler, um die Zug\u00e4nglichkeit f\u00fcr Menschen mit Behinderungen zu verbessern. Sie definieren drei Stufen der Konformit\u00e4t: Stufe A, Stufe AA und Stufe AAA.<br \/>\nWir sind st\u00e4ndig bem\u00fcht, die Zug\u00e4nglichkeit seiner Website und seiner Dienstleistungen zu verbessern, da wir es als unsere kollektive moralische Verpflichtung ansehen, Menschen mit Behinderungen eine nahtlose, zug\u00e4ngliche und ungehinderte Nutzung zu erm\u00f6glichen.<br \/>\nWir sind bestrebt, alle Seiten und Inhalte auf <strong>https:\/\/hirschacker.de<\/strong> zug\u00e4nglich zu machen, aber es kann sein, dass einige Inhalte noch nicht vollst\u00e4ndig den h\u00f6chsten Zug\u00e4nglichkeitsstandards entsprechen. Dies k\u00f6nnte darauf zur\u00fcckzuf\u00fchren sein, dass es schwierig ist, die am besten geeignete technische L\u00f6sung zu finden.<br \/>\nWir k\u00f6nnen diese Erkl\u00e4rung regelm\u00e4\u00dfig \u00fcberarbeiten, um Verbesserungen oder \u00c4nderungen an unseren Zug\u00e4nglichkeitspraktiken zu ber\u00fccksichtigen.<\/p>\n<h4>\n&nbsp;R\u00fcckmeldung<\/h4>\n<p>Wir freuen uns \u00fcber Ihr Feedback zur Zug\u00e4nglichkeit der Website. Bitte lassen Sie uns wissen, wenn Sie auf unserer Website auf Barrieren sto\u00dfen:<br \/>\nE-Mail: info@hirschacker.de<br \/>\nWir versuchen, innerhalb von 3-5 Werktagen auf Ihr Feedback zu reagieren.<\/p>\n<p>Diese Erkl\u00e4rung wurde im Juli 2025 erstellt.<\/p>\n<\/div>\n<\/div><\/div><\/div><\/div><\/div>","protected":false},"excerpt":{"rendered":"<p>Zug\u00e4nglichkeitserkl\u00e4rung f\u00fcr https:\/\/hirschacker.de &nbsp; Hirschacker.de verpflichtet sich, die digitale Zug\u00e4nglichkeit f\u00fcr Menschen mit Behinderungen zu gew\u00e4hrleisten. Wir arbeiten kontinuierlich an der Verbesserung der Benutzerfreundlichkeit f\u00fcr alle und an der Anwendung der relevanten Standards f\u00fcr Barrierefreiheit. Konformit\u00e4tsstatus Die Web Content Accessibility Guidelines (WCAG) definieren Anforderungen f\u00fcr Designer und Entwickler, um die Zug\u00e4nglichkeit f\u00fcr Menschen mit Behinderungen [&hellip;]<\/p>\n","protected":false},"author":1,"featured_media":0,"parent":0,"menu_order":0,"comment_status":"closed","ping_status":"closed","template":"","meta":{"ngg_post_thumbnail":0,"footnotes":""},"class_list":["post-539","page","type-page","status-publish","hentry","post"],"_links":{"self":[{"href":"https:\/\/hirschacker.de\/index.php?rest_route=\/wp\/v2\/pages\/539","targetHints":{"allow":["GET"]}}],"collection":[{"href":"https:\/\/hirschacker.de\/index.php?rest_route=\/wp\/v2\/pages"}],"about":[{"href":"https:\/\/hirschacker.de\/index.php?rest_route=\/wp\/v2\/types\/page"}],"author":[{"embeddable":true,"href":"https:\/\/hirschacker.de\/index.php?rest_route=\/wp\/v2\/users\/1"}],"replies":[{"embeddable":true,"href":"https:\/\/hirschacker.de\/index.php?rest_route=%2Fwp%2Fv2%2Fcomments&post=539"}],"version-history":[{"count":1,"href":"https:\/\/hirschacker.de\/index.php?rest_route=\/wp\/v2\/pages\/539\/revisions"}],"predecessor-version":[{"id":540,"href":"https:\/\/hirschacker.de\/index.php?rest_route=\/wp\/v2\/pages\/539\/revisions\/540"}],"wp:attachment":[{"href":"https:\/\/hirschacker.de\/index.php?rest_route=%2Fwp%2Fv2%2Fmedia&parent=539"}],"curies":[{"name":"wp","href":"https:\/\/api.w.org\/{rel}","templated":true}]}}